{"id":1054,"date":"2025-12-31T13:37:56","date_gmt":"2025-12-31T10:37:56","guid":{"rendered":"https:\/\/savtek.metu.edu.tr\/?page_id=1054"},"modified":"2026-02-04T16:19:24","modified_gmt":"2026-02-04T13:19:24","slug":"bildiri-ileti-sistemi-2","status":"publish","type":"page","link":"https:\/\/savtek.metu.edu.tr\/index.php\/bildiri-ileti-sistemi-2\/","title":{"rendered":"B\u0130LD\u0130R\u0130 \u0130LET\u0130M S\u0130STEM\u0130"},"content":{"rendered":"\n<p>SAVTEK kapsam\u0131nda bildiri tam metinleri <strong>en fazla sekiz sayfa<\/strong> olacak \u015fekilde ve <strong>Microsoft Word (*.doc\/.docx)<\/strong> format\u0131nda haz\u0131rlanmal\u0131, yaln\u0131zca a\u015fa\u011f\u0131da sunulan ba\u011flant\u0131 \u00fczerinden sisteme y\u00fcklenmelidir. E-posta, faks veya posta yoluyla g\u00f6nderilen bildiriler kesinlikle dikkate al\u0131nmayacakt\u0131r.<\/p>\n\n\n\n<p>Sistem, kongre takviminde belirtilen son tarihte otomatik olarak kapanacak ve ge\u00e7 kalan ba\u015fvurular kabul edilmeyecektir. L\u00fctfen g\u00f6nderiminizi son g\u00fcne b\u0131rakmay\u0131n\u0131z.<\/p>\n\n\n\n<p><strong>Microsoft CMT Bildiri Y\u00f6netim Sistemine Giri\u015f \u0130\u00e7in <a href=\"https:\/\/cmt3.research.microsoft.com\/SAVTEK2026\">T\u0131klay\u0131n\u0131z<\/a><\/strong><br><\/p>\n\n\n\n<p>Acknowledgement;<\/p>\n\n\n\n<p>The Microsoft CMT service was used for managing the peer-reviewing process for this conference. This service was provided for free by Microsoft and they bore all expenses, including costs for Azure cloud services as well as for software development and support.<\/p>\n\n\n\n<p><\/p>\n","protected":false},"excerpt":{"rendered":"<p>SAVTEK kapsam\u0131nda bildiri tam metinleri en fazla sekiz sayfa olacak \u015fekilde ve Microsoft Word (*.doc\/.docx) format\u0131nda haz\u0131rlanmal\u0131, yaln\u0131zca a\u015fa\u011f\u0131da sunulan ba\u011flant\u0131 \u00fczerinden sisteme y\u00fcklenmelidir. E-posta, faks veya posta yoluyla g\u00f6nderilen bildiriler kesinlikle dikkate al\u0131nmayacakt\u0131r. Sistem, kongre takviminde belirtilen son tarihte otomatik olarak kapanacak ve ge\u00e7 &#8230; <\/p>\n","protected":false},"author":1,"featured_media":0,"parent":0,"menu_order":0,"comment_status":"closed","ping_status":"closed","template":"","meta":{"footnotes":""},"class_list":["post-1054","page","type-page","status-publish","hentry"],"_links":{"self":[{"href":"https:\/\/savtek.metu.edu.tr\/index.php\/wp-json\/wp\/v2\/pages\/1054","targetHints":{"allow":["GET"]}}],"collection":[{"href":"https:\/\/savtek.metu.edu.tr\/index.php\/wp-json\/wp\/v2\/pages"}],"about":[{"href":"https:\/\/savtek.metu.edu.tr\/index.php\/wp-json\/wp\/v2\/types\/page"}],"author":[{"embeddable":true,"href":"https:\/\/savtek.metu.edu.tr\/index.php\/wp-json\/wp\/v2\/users\/1"}],"replies":[{"embeddable":true,"href":"https:\/\/savtek.metu.edu.tr\/index.php\/wp-json\/wp\/v2\/comments?post=1054"}],"version-history":[{"count":14,"href":"https:\/\/savtek.metu.edu.tr\/index.php\/wp-json\/wp\/v2\/pages\/1054\/revisions"}],"predecessor-version":[{"id":1085,"href":"https:\/\/savtek.metu.edu.tr\/index.php\/wp-json\/wp\/v2\/pages\/1054\/revisions\/1085"}],"wp:attachment":[{"href":"https:\/\/savtek.metu.edu.tr\/index.php\/wp-json\/wp\/v2\/media?parent=1054"}],"curies":[{"name":"wp","href":"https:\/\/api.w.org\/{rel}","templated":true}]}}