{"id":12,"date":"2016-12-23T13:55:08","date_gmt":"2016-12-23T11:55:08","guid":{"rendered":"http:\/\/savtek.metu.edu.tr\/?page_id=12"},"modified":"2026-01-09T16:57:53","modified_gmt":"2026-01-09T13:57:53","slug":"kurullar","status":"publish","type":"page","link":"https:\/\/savtek.metu.edu.tr\/index.php\/kurullar\/","title":{"rendered":"KURULLAR"},"content":{"rendered":"<p>[vc_row uxb_theme_class=&#8221;&#8221;][vc_column width=&#8221;1\/2&#8243; uxb_theme_class=&#8221;&#8221;][vc_column_text]<strong>KONGRE KOORD\u0130NASYON KURULU <\/strong><\/p>\n<ul>\n<li>Prof. Dr. Ender C\u0130\u011eERO\u011eLU, Kong<span style=\"color: #333300;\">re Ba\u015fk<\/span>an\u0131, ODT\u00dc<\/li>\n<li>Prof. Dr. R. Orhan YILDIRIM, Akademik Kurul E\u015f-Ba\u015fkan\u0131, ODT\u00dc<\/li>\n<li>Prof. Dr. M. Kemal LEBLEB\u0130C\u0130O\u011eLU, Akademik Kurul E\u015f-Ba\u015fkan\u0131, ODT\u00dc<\/li>\n<li>Prof. Dr. Mustafa \u0130lhan G\u00d6KLER, ODT\u00dc<\/li>\n<li><span style=\"font-weight: 400;\">\u0130km. Komd. Alb. Cebrail Kemal DOKUMACI, MSB ARGE ve Teknoloji Daire Ba\u015fkan\u0131<\/span><\/li>\n<li>Hv. M\u00fch. Alb. \u00d6mer ARSLAN, <span style=\"font-weight: 400;\">Genelkurmay Genel Plan ve Prensipler Ba\u015fkanl\u0131\u011f\u0131<\/span><\/li>\n<li><span style=\"font-weight: 400;\">Z\u00fcbeyde ARSLANO\u011eLU, SSB ARGE ve Teknoloji Y\u00f6netimi Daire Ba\u015fkan\u0131<\/span><\/li>\n<li>Dr. O\u011fuz HAM\u015e\u0130O\u011eLU, SASAD Genel Sekreteri<\/li>\n<\/ul>\n<p>[\/vc_column_text][\/vc_column][vc_column width=&#8221;1\/2&#8243; uxb_theme_class=&#8221;&#8221;][vc_column_text]<strong> KONGRE Y\u00dcR\u00dcTME KURULU<\/strong><\/p>\n<ul>\n<li>Prof. Dr. Ender C\u0130\u011eERO\u011eLU, Kongre Ba\u015fkan\u0131, ODT\u00dc<\/li>\n<li>Prof. Dr. M. Kemal LEBLEB\u0130C\u0130O\u011eLU, Akademik Kurul E\u015f-Ba\u015fkan\u0131, ODT\u00dc<\/li>\n<li>Prof. Dr. R. Orhan YILDIRIM, Akademik Kurul E\u015f-Ba\u015fkan\u0131, ODT\u00dc<\/li>\n<li>M\u00fch. Yusuf ORHAN, MSB ARGE ve Teknoloji Daire Ba\u015fkanl\u0131\u011f\u0131<\/li>\n<li><span style=\"font-weight: 400;\">M\u00fch. \u00dct\u011fm. Kamil CIRIK<\/span><\/li>\n<li>\u015eule \u00c7AKMAK, MSB<\/li>\n<li>T\u00fcrk\u00fcnaz \u00dcNL\u00dc, SASAD<\/li>\n<li>Ahmet \u0130LARSLAN, SASAD<\/li>\n<li><span style=\"font-weight: 400;\">Mehmet KILI\u00c7, SSB Kurumsal \u0130li\u015fkiler Daire Ba\u015fkanl\u0131\u011f\u0131<\/span><\/li>\n<li>Prof. Dr. M. Abd\u00fclkadir VARO\u011eLU, Ba\u015fkent \u00dcniversitesi<\/li>\n<li>Y.M\u00fch. Bekir KAZANDIR, Ba\u015fkent \u00dcniversitesi<\/li>\n<li>Dr. \u00d6\u011fr. \u00dcyesi G\u00f6khan O. \u00d6ZGEN, Kongre Genel Sekreteri, ODT\u00dc<\/li>\n<li>Do\u00e7. Dr. Harika Senem KAHVEC\u0130, ODT\u00dc<\/li>\n<li>Prof. Dr. M. B\u00fclent \u00d6ZER, ODT\u00dc<\/li>\n<li>Prof. Dr. \u00d6zg\u00fcr U\u011fra\u015f BARAN, ODT\u00dc<\/li>\n<li>Dr. \u00d6\u011fr. \u00dcyesi Ali KARAKU\u015e, ODT\u00dc<\/li>\n<li>Dr. \u00d6\u011fr. \u00dcyesi Altu\u011f \u00d6Z\u00c7EL\u0130KKALE, ODT\u00dc<\/li>\n<li>Dr. \u00d6\u011fr. \u00dcyesi Orkun \u00d6Z\u015eAH\u0130N, ODT\u00dc<\/li>\n<li>Dr. \u00d6\u011fr. \u00dcyesi Onur TAYLAN, ODT\u00dc<\/li>\n<\/ul>\n<p>[\/vc_column_text][\/vc_column][\/vc_row]<\/p>\n","protected":false},"excerpt":{"rendered":"<p>[vc_row uxb_theme_class=&#8221;&#8221;][vc_column width=&#8221;1\/2&#8243; uxb_theme_class=&#8221;&#8221;][vc_column_text]KONGRE KOORD\u0130NASYON KURULU Prof. Dr. Ender C\u0130\u011eERO\u011eLU, Kongre Ba\u015fkan\u0131, ODT\u00dc Prof. Dr. R. Orhan YILDIRIM, Akademik Kurul E\u015f-Ba\u015fkan\u0131, ODT\u00dc Prof. Dr. M. Kemal LEBLEB\u0130C\u0130O\u011eLU, Akademik Kurul E\u015f-Ba\u015fkan\u0131, ODT\u00dc Prof. Dr. Mustafa \u0130lhan G\u00d6KLER, ODT\u00dc \u0130km. Komd. Alb. Cebrail Kemal DOKUMACI, MSB ARGE &#8230; <\/p>\n","protected":false},"author":1,"featured_media":0,"parent":0,"menu_order":0,"comment_status":"closed","ping_status":"closed","template":"","meta":{"footnotes":""},"class_list":["post-12","page","type-page","status-publish","hentry"],"_links":{"self":[{"href":"https:\/\/savtek.metu.edu.tr\/index.php\/wp-json\/wp\/v2\/pages\/12","targetHints":{"allow":["GET"]}}],"collection":[{"href":"https:\/\/savtek.metu.edu.tr\/index.php\/wp-json\/wp\/v2\/pages"}],"about":[{"href":"https:\/\/savtek.metu.edu.tr\/index.php\/wp-json\/wp\/v2\/types\/page"}],"author":[{"embeddable":true,"href":"https:\/\/savtek.metu.edu.tr\/index.php\/wp-json\/wp\/v2\/users\/1"}],"replies":[{"embeddable":true,"href":"https:\/\/savtek.metu.edu.tr\/index.php\/wp-json\/wp\/v2\/comments?post=12"}],"version-history":[{"count":43,"href":"https:\/\/savtek.metu.edu.tr\/index.php\/wp-json\/wp\/v2\/pages\/12\/revisions"}],"predecessor-version":[{"id":1083,"href":"https:\/\/savtek.metu.edu.tr\/index.php\/wp-json\/wp\/v2\/pages\/12\/revisions\/1083"}],"wp:attachment":[{"href":"https:\/\/savtek.metu.edu.tr\/index.php\/wp-json\/wp\/v2\/media?parent=12"}],"curies":[{"name":"wp","href":"https:\/\/api.w.org\/{rel}","templated":true}]}}