{"id":16,"date":"2016-12-23T13:55:29","date_gmt":"2016-12-23T11:55:29","guid":{"rendered":"http:\/\/savtek.metu.edu.tr\/?page_id=16"},"modified":"2026-03-25T17:11:00","modified_gmt":"2026-03-25T14:11:00","slug":"onemli-tarihler","status":"publish","type":"page","link":"https:\/\/savtek.metu.edu.tr\/index.php\/onemli-tarihler\/","title":{"rendered":"\u00d6NEML\u0130 TAR\u0130HLER"},"content":{"rendered":"<p>[vc_row uxb_theme_class=&#8221;&#8221;][vc_column uxb_theme_class=&#8221;&#8221;][vc_column_text]<\/p>\n<table style=\"height: 211px;\" border=\"0\" width=\"1310\">\n<tbody>\n<tr>\n<td width=\"161\">\n<h4>\n  <strong><s>30 Mart 2026<\/s><\/strong><br \/>\n  <strong>15 Nisan 2026<\/strong><br \/>\n<\/h4>\n<\/td>\n<td width=\"409\">Bildirilerin tam metninin bildiri iletim sistemine y\u00fcklenmesi i\u00e7in son g\u00fcn.<\/td>\n<\/tr>\n<tr>\n<td>\n<h4><strong>8 Haziran 2026<\/strong><\/h4>\n<\/td>\n<td>Yazarlara bildirilerinin kabul edilip edilmedi\u011finin bildirilmesi.<\/td>\n<\/tr>\n<tr>\n<td>\n<h4><strong>12 Temmuz 2026<\/strong><\/h4>\n<\/td>\n<td>Bildirilerin son halininin sisteme y\u00fcklenmesi i\u00e7in son g\u00fcn.<\/td>\n<\/tr>\n<tr>\n<td>\n<h4><strong>9-11 Eyl\u00fcl 2026<\/strong><\/h4>\n<\/td>\n<td>SAVTEK 2026 Kongresi, ODT\u00dc KKM<\/td>\n<\/tr>\n<\/tbody>\n<\/table>\n<p>[\/vc_column_text][\/vc_column][\/vc_row]<\/p>\n","protected":false},"excerpt":{"rendered":"[vc_row uxb_theme_class=\"\"][vc_column uxb_theme_class=\"\"][vc_column_text] 30 Mart 2026 15 Nisan 2026 Bildirilerin tam metninin bildiri iletim sistemine y\u00fcklenmesi i\u00e7in son g\u00fcn. 8 Haziran 2026 Yazarlara bildirilerinin kabul edilip edilmedi\u011finin bildirilmesi. 12 Temmuz 2026 Bildirilerin son halininin sisteme y\u00fcklenmesi i\u00e7in son g\u00fcn. 9-11 Eyl\u00fcl 2026 SAVTEK 2026 Kongresi, ... ","protected":false},"author":1,"featured_media":0,"parent":0,"menu_order":0,"comment_status":"closed","ping_status":"closed","template":"","meta":{"footnotes":""},"class_list":["post-16","page","type-page","status-publish","hentry"],"_links":{"self":[{"href":"https:\/\/savtek.metu.edu.tr\/index.php\/wp-json\/wp\/v2\/pages\/16","targetHints":{"allow":["GET"]}}],"collection":[{"href":"https:\/\/savtek.metu.edu.tr\/index.php\/wp-json\/wp\/v2\/pages"}],"about":[{"href":"https:\/\/savtek.metu.edu.tr\/index.php\/wp-json\/wp\/v2\/types\/page"}],"author":[{"embeddable":true,"href":"https:\/\/savtek.metu.edu.tr\/index.php\/wp-json\/wp\/v2\/users\/1"}],"replies":[{"embeddable":true,"href":"https:\/\/savtek.metu.edu.tr\/index.php\/wp-json\/wp\/v2\/comments?post=16"}],"version-history":[{"count":46,"href":"https:\/\/savtek.metu.edu.tr\/index.php\/wp-json\/wp\/v2\/pages\/16\/revisions"}],"predecessor-version":[{"id":1088,"href":"https:\/\/savtek.metu.edu.tr\/index.php\/wp-json\/wp\/v2\/pages\/16\/revisions\/1088"}],"wp:attachment":[{"href":"https:\/\/savtek.metu.edu.tr\/index.php\/wp-json\/wp\/v2\/media?parent=16"}],"curies":[{"name":"wp","href":"https:\/\/api.w.org\/{rel}","templated":true}]}}