{"id":6,"date":"2016-12-23T13:54:21","date_gmt":"2016-12-23T11:54:21","guid":{"rendered":"http:\/\/savtek.metu.edu.tr\/?page_id=6"},"modified":"2025-12-31T10:08:07","modified_gmt":"2025-12-31T07:08:07","slug":"amac","status":"publish","type":"page","link":"https:\/\/savtek.metu.edu.tr\/index.php\/amac\/","title":{"rendered":"AMA\u00c7"},"content":{"rendered":"<p>[vc_row uxb_theme_class=&#8221;&#8221;][vc_column uxb_theme_class=&#8221;&#8221;][vc_column_text]D\u00fczenlemekte oldu\u011fumuz <strong>SAVTEK 2026<\/strong> 12. Savunma Teknolojileri Kongresi ile;<\/p>\n<p>TSK, \u00fcniversite ve savunma sanayii temsilcilerinin bir araya gelmesi ve savunma teknolojilerine y\u00f6nelik m\u00fchendislik, temel bilimler ve y\u00f6netim bilimleri alanlar\u0131nda belirtilen <a href=\"https:\/\/savtek.metu.edu.tr\/index.php\/temalar\/\">ana temalar<\/a> \u00e7er\u00e7evesinde AR-GE \u00e7al\u0131\u015fmalar\u0131n\u0131 i\u00e7eren bildirilerin tart\u0131\u015f\u0131lmas\u0131 hedeflenmekte,<br \/>Ulusal strateji ve politika d\u00fczeyindeki \u00f6nceliklerin a\u00e7\u0131l\u0131\u015f oturumu ile panellerde y\u00f6netsel d\u00fczeyde de\u011ferlendirilmesi ve \u00fclkemiz i\u00e7in \u00f6nerilerin \u00fcretilmesi beklenmektedir.[\/vc_column_text][\/vc_column][\/vc_row]<\/p>\n\n\n<p><\/p>\n","protected":false},"excerpt":{"rendered":"<p>[vc_row uxb_theme_class=&#8221;&#8221;][vc_column uxb_theme_class=&#8221;&#8221;][vc_column_text]D\u00fczenlemekte oldu\u011fumuz SAVTEK 2026 12. Savunma Teknolojileri Kongresi ile; TSK, \u00fcniversite ve savunma sanayii temsilcilerinin bir araya gelmesi ve savunma teknolojilerine y\u00f6nelik m\u00fchendislik, temel bilimler ve y\u00f6netim bilimleri alanlar\u0131nda belirtilen ana temalar \u00e7er\u00e7evesinde AR-GE \u00e7al\u0131\u015fmalar\u0131n\u0131 i\u00e7eren bildirilerin tart\u0131\u015f\u0131lmas\u0131 hedeflenmekte,Ulusal strateji ve politika d\u00fczeyindeki &#8230; <\/p>\n","protected":false},"author":1,"featured_media":0,"parent":0,"menu_order":0,"comment_status":"closed","ping_status":"closed","template":"","meta":{"footnotes":""},"class_list":["post-6","page","type-page","status-publish","hentry"],"_links":{"self":[{"href":"https:\/\/savtek.metu.edu.tr\/index.php\/wp-json\/wp\/v2\/pages\/6","targetHints":{"allow":["GET"]}}],"collection":[{"href":"https:\/\/savtek.metu.edu.tr\/index.php\/wp-json\/wp\/v2\/pages"}],"about":[{"href":"https:\/\/savtek.metu.edu.tr\/index.php\/wp-json\/wp\/v2\/types\/page"}],"author":[{"embeddable":true,"href":"https:\/\/savtek.metu.edu.tr\/index.php\/wp-json\/wp\/v2\/users\/1"}],"replies":[{"embeddable":true,"href":"https:\/\/savtek.metu.edu.tr\/index.php\/wp-json\/wp\/v2\/comments?post=6"}],"version-history":[{"count":12,"href":"https:\/\/savtek.metu.edu.tr\/index.php\/wp-json\/wp\/v2\/pages\/6\/revisions"}],"predecessor-version":[{"id":1038,"href":"https:\/\/savtek.metu.edu.tr\/index.php\/wp-json\/wp\/v2\/pages\/6\/revisions\/1038"}],"wp:attachment":[{"href":"https:\/\/savtek.metu.edu.tr\/index.php\/wp-json\/wp\/v2\/media?parent=6"}],"curies":[{"name":"wp","href":"https:\/\/api.w.org\/{rel}","templated":true}]}}